{"id":14,"date":"2014-03-22T16:50:38","date_gmt":"2014-03-22T15:50:38","guid":{"rendered":"http:\/\/www.lomic-online.com\/kayak\/?page_id=14"},"modified":"2014-03-23T22:56:14","modified_gmt":"2014-03-23T21:56:14","slug":"pourquoi-kayak","status":"publish","type":"page","link":"http:\/\/www.lomic-online.com\/kayak\/projet\/pourquoi-kayak\/","title":{"rendered":"Un kayak?"},"content":{"rendered":"<p>J&rsquo;habite \u00e0 Concarneau, \u00e0 quelques minutes de la plage des Sables Blancs, passer du temps sur l&rsquo;eau me ressource, me vide la t\u00eate, pour r\u00e9sumer \u00e7a m&rsquo;est indispensable.<\/p>\n<p>Je fais beaucoup de planche \u00e0 voile, mais pour \u00e7a il faut du vent, les jours sans vent&#8230; un kayak est un excellent support pour s&rsquo;a\u00e9rer les neurones.<\/p>\n<p><a href=\"http:\/\/www.lomic-online.com\/kayak\/wp-content\/uploads\/2014\/03\/20111218-Lomic-Windsurf-Concarneau-1.jpg\" data-rel=\"lightbox-image-0\" data-rl_title=\"\" data-rl_caption=\"\" title=\"\"><img loading=\"lazy\" class=\"aligncenter size-medium wp-image-21\" alt=\"Lomic Windsurf Concarneau\" src=\"http:\/\/www.lomic-online.com\/kayak\/wp-content\/uploads\/2014\/03\/20111218-Lomic-Windsurf-Concarneau-1-300x225.jpg\" width=\"300\" height=\"225\" srcset=\"http:\/\/www.lomic-online.com\/kayak\/wp-content\/uploads\/2014\/03\/20111218-Lomic-Windsurf-Concarneau-1-300x225.jpg 300w, http:\/\/www.lomic-online.com\/kayak\/wp-content\/uploads\/2014\/03\/20111218-Lomic-Windsurf-Concarneau-1.jpg 800w\" sizes=\"(max-width: 300px) 100vw, 300px\" \/><\/a><\/p>\n<p>J&rsquo;ai fait aussi du Stand Up Paddle, j&rsquo;aime beaucoup mais l\u00e0 pour l&rsquo;instant je n&rsquo;en ai plus. Je compte m&rsquo;en retrouver un d\u00e8s que possible mais je veux un mod\u00e8le long typ\u00e9 race ou fitness, et \u00e7a n&rsquo;est pas donn\u00e9, en attendant \u00e7a sera kayak, mais je pourrais probablement m&rsquo;en construire un avec la m\u00eame technique que celle utilis\u00e9e pour le kayak&#8230; Ca sera un autre projet \ud83d\ude09<\/p>\n<p style=\"text-align: center;\"><a href=\"http:\/\/www.lomic-online.com\/kayak\/wp-content\/uploads\/2014\/03\/20111210-Lomic-SUP-Ville-Close-Concarneau.jpg\" data-rel=\"lightbox-image-1\" data-rl_title=\"\" data-rl_caption=\"\" title=\"\"><img loading=\"lazy\" class=\"aligncenter size-medium wp-image-20\" alt=\"Balade en SUP au pied des remparts de la Ville-Close \u00e0 Concarneau\" src=\"http:\/\/www.lomic-online.com\/kayak\/wp-content\/uploads\/2014\/03\/20111210-Lomic-SUP-Ville-Close-Concarneau-300x225.jpg\" width=\"300\" height=\"225\" srcset=\"http:\/\/www.lomic-online.com\/kayak\/wp-content\/uploads\/2014\/03\/20111210-Lomic-SUP-Ville-Close-Concarneau-300x225.jpg 300w, http:\/\/www.lomic-online.com\/kayak\/wp-content\/uploads\/2014\/03\/20111210-Lomic-SUP-Ville-Close-Concarneau.jpg 800w\" sizes=\"(max-width: 300px) 100vw, 300px\" \/><\/a><\/p>\n<p>Le kayak, je ne me rappelle plus de mon \u00ab\u00a0bapt\u00eame\u00a0\u00bb \u00e7a doit dater pas mal. Je me rappelle d&rsquo;une descente de l&rsquo;Odet avec des amis l&rsquo;\u00e9t\u00e9 1999, en 2001, j&rsquo;avais descendu la Cure pr\u00e8s de V\u00e9zelay avec les amis de l&rsquo;association \u00ab\u00a0Aventure Plein Air\u00a0\u00bb (les pr\u00e9mices du Web 2.0). Et j&rsquo;avais certainement du poser mes fesses dans un kayak avant \u00e7a car j&rsquo;avais d\u00e9j\u00e0 la technique. Peut-\u00eatre aux Gl\u00e9nan en 90?<\/p>\n<p>Malgr\u00e9 ma m\u00e9moire assez limit\u00e9e en ce qui concerne le pass\u00e9, le kayak a toujours \u00e9t\u00e9 dans un coin de ma t\u00eate, et depuis que j&rsquo;habite en bord de mer, \u00e7a restait une envie, bien moins puissante que la planche \u00e0 voile mais qui t\u00f4t ou tard devait faire surface.<\/p>\n<p>Curieusement c&rsquo;est le Stand Up Paddle qui m&rsquo;a donn\u00e9 tr\u00e8s envie d&rsquo;avoir enfin mon kayak, et de ne plus me contenter d&rsquo;une descente de l&rsquo;Odet tous les 10 ans ou d&rsquo;un tour lors des portes ouvertes annuelles du club de Concarneau.<\/p>\n<p>En 2011, je m&rsquo;\u00e9tais lanc\u00e9 un d\u00e9fi amusant : aller sur l&rsquo;eau tous les jours de l&rsquo;ann\u00e9e, en planche ou en SUP selon le vent. Un partenaire sympathique (<a title=\"SUP de Race Nah Skwell\" href=\"http:\/\/www.nahskwell-sup.com\/race-2\/\" target=\"_blank\">Nah Skwell<\/a>) m&rsquo;avait pr\u00eat\u00e9 pour l&rsquo;occasion un SUP de race de 12&rsquo;6 avec lequel j&rsquo;ai fait une partie des 165 sessions de SUP que j&rsquo;ai faites au cours de mon d\u00e9fi.<\/p>\n<p><a href=\"http:\/\/www.lomic-online.com\/kayak\/wp-content\/uploads\/2014\/03\/20111002-Raphael-SUP-2.jpg\" data-rel=\"lightbox-image-2\" data-rl_title=\"\" data-rl_caption=\"\" title=\"\"><img loading=\"lazy\" class=\"aligncenter size-medium wp-image-19\" alt=\"SUP Lomic Concarneau\" src=\"http:\/\/www.lomic-online.com\/kayak\/wp-content\/uploads\/2014\/03\/20111002-Raphael-SUP-2-300x225.jpg\" width=\"300\" height=\"225\" srcset=\"http:\/\/www.lomic-online.com\/kayak\/wp-content\/uploads\/2014\/03\/20111002-Raphael-SUP-2-300x225.jpg 300w, http:\/\/www.lomic-online.com\/kayak\/wp-content\/uploads\/2014\/03\/20111002-Raphael-SUP-2.jpg 800w\" sizes=\"(max-width: 300px) 100vw, 300px\" \/><\/a><\/p>\n<p>J&rsquo;ai donc pas mal arpent\u00e9 la baie de Concarneau en SUP, plein de belles balades, sous le soleil ou les \u00e9toiles, par vent g\u00e9n\u00e9ralement faible ou nul et parfois plus soutenu pour faire du \u00ab\u00a0downwind\u00a0\u00bb. Et c&rsquo;\u00e9tait vraiment tr\u00e8s sympa, par contre je sentais que le SUP, avec la position debout, la grande pagaie, n&rsquo;\u00e9tait pas optimal, pas le plus efficace, l&rsquo;impression de faire beaucoup d&rsquo;efforts pour avancer \u00e0 une vitesse pas trop lente. Du coup je pensais bien au kayak, avec sa prise au vent moindre, sa pagaie double qui permet de propulser avec une fr\u00e9quence plus importante (et laisser moins de temps \u00e0 l&rsquo;engin pour perdre sa vitesse ch\u00e8rement acquise).<\/p>\n<p>A l&rsquo;issue du d\u00e9fi, j&rsquo;ai rendu \u00e0 contre-c\u0153ur le SUP pr\u00eat\u00e9 par mon partenaire, avec l&rsquo;envie de m&rsquo;en retrouver un, mais le kayak avait pris le dessus dans mes priorit\u00e9s, \u00e7a serait d&rsquo;abord kayak, et ensuite plus tard SUP.<\/p>\n<p>Finalement, \u00e7a n&rsquo;est qu&rsquo;en ao\u00fbt 2013 que j&rsquo;ai enfin eu mon premier kayak \u00e0 moi, un RTM Ysak, kayak de mer pont\u00e9 de 5m06 par 56cm :<\/p>\n<p><a href=\"http:\/\/www.lomic-online.com\/kayak\/wp-content\/uploads\/2014\/03\/kayak.jpg\" data-rel=\"lightbox-image-3\" data-rl_title=\"\" data-rl_caption=\"\" title=\"\"><img loading=\"lazy\" class=\"aligncenter size-medium wp-image-18\" alt=\"kayak\" src=\"http:\/\/www.lomic-online.com\/kayak\/wp-content\/uploads\/2014\/03\/kayak-300x225.jpg\" width=\"300\" height=\"225\" srcset=\"http:\/\/www.lomic-online.com\/kayak\/wp-content\/uploads\/2014\/03\/kayak-300x225.jpg 300w, http:\/\/www.lomic-online.com\/kayak\/wp-content\/uploads\/2014\/03\/kayak-1024x768.jpg 1024w, http:\/\/www.lomic-online.com\/kayak\/wp-content\/uploads\/2014\/03\/kayak.jpg 1200w\" sizes=\"(max-width: 300px) 100vw, 300px\" \/><\/a>A ce moment-l\u00e0 j&rsquo;avais d\u00e9j\u00e0 en t\u00eate la construction de mon kayak, mais par manque de temps et de ressources \u00e0 y consacrer, je retardais le projet, m\u00eame s&rsquo;il \u00e9tait d\u00e9j\u00e0 bien m\u00fbri. Et puis l&rsquo;occasion faisant le larron, un d\u00e9placement pour des vacances windsurfesques dans le sud \u00e9tant tomb\u00e9 \u00e0 l&rsquo;eau, je me suis trouv\u00e9 avec un peu de budget sous le coude et une jolie annonce pour ce chouette kayak \u00e0 tr\u00e8s bon prix, trop tentant, surtout au c\u0153ur de l&rsquo;\u00e9t\u00e9!<\/p>\n<p>Je me suis bien r\u00e9gal\u00e9 avec mais je l&rsquo;ai mis en vente mi-mars 2014 et il est sur le point de partir au moment o\u00f9 j&rsquo;\u00e9cris. Il est tr\u00e8s bien mais je sais pertinemment que si je le garde, je retarderai mon projet ind\u00e9finiment. De plus sa vente me donnera du budget pour faire une bonne partie du chantier, sans f\u00e2cher ma banqui\u00e8re \ud83d\ude09<\/p>\n<p>Et l&rsquo;envie de faire du kayak participera \u00e0 la motivation pour faire avancer le chantier rapidement.<\/p>\n<p>Autre objectif avec mon kayak \u00ab\u00a0maison\u00a0\u00bb r\u00e9ussir \u00e0 faire plus l\u00e9ger, l&rsquo;Ysak tout \u00e9quip\u00e9 fait 27.5kg! A poser tout seul sur la galerie de mon fourgon, c&rsquo;est du sport! J&rsquo;esp\u00e8re toucher les 20kg et si je peux faire moins j&rsquo;en serai ravi.<\/p>\n<p>Page suivante : <a title=\"Pourquoi le construire?\" href=\"http:\/\/www.lomic-online.com\/kayak\/projet\/pourquoi-construire\/\">Pourquoi le construire?<\/a><\/p>\n","protected":false},"excerpt":{"rendered":"<p>J&rsquo;habite \u00e0 Concarneau, \u00e0 quelques minutes de la plage des Sables Blancs, passer du temps sur l&rsquo;eau me ressource, me vide la t\u00eate, pour r\u00e9sumer \u00e7a m&rsquo;est indispensable. Je fais beaucoup de planche \u00e0 voile, mais pour \u00e7a il faut&hellip; <\/p>\n","protected":false},"author":1,"featured_media":0,"parent":4,"menu_order":1,"comment_status":"open","ping_status":"closed","template":"","meta":[],"_links":{"self":[{"href":"http:\/\/www.lomic-online.com\/kayak\/wp-json\/wp\/v2\/pages\/14"}],"collection":[{"href":"http:\/\/www.lomic-online.com\/kayak\/wp-json\/wp\/v2\/pages"}],"about":[{"href":"http:\/\/www.lomic-online.com\/kayak\/wp-json\/wp\/v2\/types\/page"}],"author":[{"embeddable":true,"href":"http:\/\/www.lomic-online.com\/kayak\/wp-json\/wp\/v2\/users\/1"}],"replies":[{"embeddable":true,"href":"http:\/\/www.lomic-online.com\/kayak\/wp-json\/wp\/v2\/comments?post=14"}],"version-history":[{"count":0,"href":"http:\/\/www.lomic-online.com\/kayak\/wp-json\/wp\/v2\/pages\/14\/revisions"}],"up":[{"embeddable":true,"href":"http:\/\/www.lomic-online.com\/kayak\/wp-json\/wp\/v2\/pages\/4"}],"wp:attachment":[{"href":"http:\/\/www.lomic-online.com\/kayak\/wp-json\/wp\/v2\/media?parent=14"}],"curies":[{"name":"wp","href":"https:\/\/api.w.org\/{rel}","templated":true}]}}