{"id":15,"date":"2014-03-22T16:41:04","date_gmt":"2014-03-22T15:41:04","guid":{"rendered":"http:\/\/www.lomic-online.com\/kayak\/?page_id=15"},"modified":"2014-03-23T17:45:46","modified_gmt":"2014-03-23T16:45:46","slug":"pourquoi-construire","status":"publish","type":"page","link":"http:\/\/www.lomic-online.com\/kayak\/projet\/pourquoi-construire\/","title":{"rendered":"Pourquoi le construire?"},"content":{"rendered":"<p>Mes premiers souvenirs de kayak (pas mes premi\u00e8res exp\u00e9riences), ce sont les \u00ab\u00a0p\u00e9rissoires\u00a0\u00bb qu&rsquo;un des voisins de ma grand-m\u00e8re fabriquait dans son garage \u00e0 Brignogan dans le Finist\u00e8re nord, l&rsquo;id\u00e9e qu&rsquo;on peut s&rsquo;en construire un soi-m\u00eame n&rsquo;est donc pas n\u00e9e d&rsquo;hier dans ma petite t\u00eate.<\/p>\n<p style=\"text-align: center;\">(Et la p\u00e9rissoire elle-m\u00eame date encore plus \ud83d\ude09 )<br \/>\n<a href=\"http:\/\/www.lomic-online.com\/kayak\/wp-content\/uploads\/2014\/03\/G._Caillebotte_-_Les_P\u00e9rissoires_1877.jpg\" data-rel=\"lightbox-image-0\" data-rl_title=\"\" data-rl_caption=\"\" title=\"\"><img loading=\"lazy\" class=\"size-medium wp-image-22\" alt=\"G. Caillebotte - Les P\u00e9rissoires (1877)\" src=\"http:\/\/www.lomic-online.com\/kayak\/wp-content\/uploads\/2014\/03\/G._Caillebotte_-_Les_P\u00e9rissoires_1877-300x194.jpg\" width=\"300\" height=\"194\" srcset=\"http:\/\/www.lomic-online.com\/kayak\/wp-content\/uploads\/2014\/03\/G._Caillebotte_-_Les_P\u00e9rissoires_1877-300x194.jpg 300w, http:\/\/www.lomic-online.com\/kayak\/wp-content\/uploads\/2014\/03\/G._Caillebotte_-_Les_P\u00e9rissoires_1877.jpg 971w\" sizes=\"(max-width: 300px) 100vw, 300px\" \/><\/a><\/p>\n<dl class=\"wp-caption aligncenter\" id=\"attachment_22\" style=\"width: 310px;\">\n<dd class=\"wp-caption-dd\">G. Caillebotte &#8211; Les P\u00e9rissoires (1877)<\/dd>\n<\/dl>\n<p>Je r\u00eave depuis des ann\u00e9es de construire un\/mon\/des bateau(x), le kayak c&rsquo;est pratique \u00e7a rentre dans le garage et \u00e7a permet de se faire les dents sur du ~facile.<\/p>\n<p>J&rsquo;adore bricoler en g\u00e9n\u00e9ral, j&rsquo;aime beaucoup travailler le bois, je trouve les kayaks en bois construits par des amateurs tr\u00e8s beaux.<\/p>\n<p>Ah et il y a aussi l&rsquo;aspect budget&#8230; mais c&rsquo;est un peu une fausse excuse, mon kayak en \u00ab\u00a0plastique\u00a0\u00bb mais quand m\u00eame pont\u00e9 et de mer, bref un \u00ab\u00a0vrai\u00a0\u00bb kayak, pas un bidet de location qui pousse de l&rsquo;eau, m&rsquo;a co\u00fbt\u00e9 moins cher que la construction par mes soins me co\u00fbtera. C&rsquo;est donc un argument\/pr\u00e9texte recevable si je compare \u00e0 des kayaks neufs ou chers, mais on trouve quand m\u00eame de bons kayaks pour moins cher que le prix d&rsquo;une auto-construction.<\/p>\n<p>La vraie raison c&rsquo;est le plaisir de construire et ensuite la fiert\u00e9 de naviguer avec un bel objet cr\u00e9\u00e9 de ses mains (enfin \u00e7a c&rsquo;est la th\u00e9orie&#8230;).<\/p>\n<p>Page suivante : <a title=\"Quelle technique?\" href=\"http:\/\/www.lomic-online.com\/kayak\/projet\/technique-choix\/\">Quelle technique?<\/a><\/p>\n","protected":false},"excerpt":{"rendered":"<p>Mes premiers souvenirs de kayak (pas mes premi\u00e8res exp\u00e9riences), ce sont les \u00ab\u00a0p\u00e9rissoires\u00a0\u00bb qu&rsquo;un des voisins de ma grand-m\u00e8re fabriquait dans son garage \u00e0 Brignogan dans le Finist\u00e8re nord, l&rsquo;id\u00e9e qu&rsquo;on peut s&rsquo;en construire un soi-m\u00eame n&rsquo;est donc pas n\u00e9e&hellip; <\/p>\n","protected":false},"author":1,"featured_media":0,"parent":4,"menu_order":3,"comment_status":"open","ping_status":"closed","template":"","meta":[],"_links":{"self":[{"href":"http:\/\/www.lomic-online.com\/kayak\/wp-json\/wp\/v2\/pages\/15"}],"collection":[{"href":"http:\/\/www.lomic-online.com\/kayak\/wp-json\/wp\/v2\/pages"}],"about":[{"href":"http:\/\/www.lomic-online.com\/kayak\/wp-json\/wp\/v2\/types\/page"}],"author":[{"embeddable":true,"href":"http:\/\/www.lomic-online.com\/kayak\/wp-json\/wp\/v2\/users\/1"}],"replies":[{"embeddable":true,"href":"http:\/\/www.lomic-online.com\/kayak\/wp-json\/wp\/v2\/comments?post=15"}],"version-history":[{"count":0,"href":"http:\/\/www.lomic-online.com\/kayak\/wp-json\/wp\/v2\/pages\/15\/revisions"}],"up":[{"embeddable":true,"href":"http:\/\/www.lomic-online.com\/kayak\/wp-json\/wp\/v2\/pages\/4"}],"wp:attachment":[{"href":"http:\/\/www.lomic-online.com\/kayak\/wp-json\/wp\/v2\/media?parent=15"}],"curies":[{"name":"wp","href":"https:\/\/api.w.org\/{rel}","templated":true}]}}