{"id":23,"date":"2014-03-22T17:48:40","date_gmt":"2014-03-22T16:48:40","guid":{"rendered":"http:\/\/www.lomic-online.com\/kayak\/?page_id=23"},"modified":"2014-03-25T09:11:08","modified_gmt":"2014-03-25T08:11:08","slug":"technique-choix","status":"publish","type":"page","link":"http:\/\/www.lomic-online.com\/kayak\/projet\/technique-choix\/","title":{"rendered":"Quelle technique?"},"content":{"rendered":"<p>Pour construire soi-m\u00eame un kayak, les techniques ne manquent pas, il faut choisir et c&rsquo;est avant tout, pour ma part en tout cas, une histoire de feeling et de pr\u00e9f\u00e9rence esth\u00e9tique pour le r\u00e9sultat obtenu.<\/p>\n<p>Techniques de construction amateur que je connais :<\/p>\n<p>&#8211; <strong>Bois et toile<\/strong> (skin on frame ou \u00ab\u00a0SOF\u00a0\u00bb) : c&rsquo;est la technique ancestrale, un cadre de bois et\/ou d&rsquo;os en forme de kayak, sur lequel on tend des peaux de phoques cousues entre elles. Naturellement, on remplace facilement l&rsquo;os par du bois, et la peau de phoque par des tissus artificiels, ce qui la rend accessible (et acceptable) \u00e0 l&rsquo;amateur franchouillard que je suis.<\/p>\n<div id=\"attachment_28\" style=\"width: 310px\" class=\"wp-caption aligncenter\"><a href=\"http:\/\/www.lomic-online.com\/kayak\/wp-content\/uploads\/2014\/03\/bois-et-toile-fini.jpg\" data-rel=\"lightbox-image-0\" data-rl_title=\"\" data-rl_caption=\"\" title=\"\"><img aria-describedby=\"caption-attachment-28\" loading=\"lazy\" class=\"size-medium wp-image-28\" alt=\"Kayak bois et toile\" src=\"http:\/\/www.lomic-online.com\/kayak\/wp-content\/uploads\/2014\/03\/bois-et-toile-fini-300x133.jpg\" width=\"300\" height=\"133\" srcset=\"http:\/\/www.lomic-online.com\/kayak\/wp-content\/uploads\/2014\/03\/bois-et-toile-fini-300x133.jpg 300w, http:\/\/www.lomic-online.com\/kayak\/wp-content\/uploads\/2014\/03\/bois-et-toile-fini.jpg 484w\" sizes=\"(max-width: 300px) 100vw, 300px\" \/><\/a><p id=\"caption-attachment-28\" class=\"wp-caption-text\">Sea Rider de Bernard G<\/p><\/div>\n<p>&#8211; <strong>Coll\u00e9-cousu<\/strong> (stitch &amp; glue ou \u00ab\u00a0S&amp;G\u00a0\u00bb) : technique d\u00e9riv\u00e9e des bateaux cousus de l&rsquo;antiquit\u00e9, elle consiste \u00e0 r\u00e9unir par sutures des plaques de contre-plaqu\u00e9, d\u00e9coup\u00e9es selon des formes pr\u00e9cises. Une fois le bateau \u00ab\u00a0cousu\u00a0\u00bb, on finalise l&rsquo;assemblage en d\u00e9posant un joint-cong\u00e9 de colle \u00e0 la jonction des plaques, avant de retirer les sutures. Et on pose un voile de fibre de verre impr\u00e9gn\u00e9 de r\u00e9sine pour renforcer et \u00e9tanch\u00e9ifier le bateau.<\/p>\n<div id=\"attachment_29\" style=\"width: 310px\" class=\"wp-caption aligncenter\"><a href=\"http:\/\/www.lomic-online.com\/kayak\/wp-content\/uploads\/2014\/03\/colle-cousu-fini.jpg\" data-rel=\"lightbox-image-1\" data-rl_title=\"\" data-rl_caption=\"\" title=\"\"><img aria-describedby=\"caption-attachment-29\" loading=\"lazy\" class=\"size-medium wp-image-29\" alt=\"Kayak coll\u00e9 cousu\" src=\"http:\/\/www.lomic-online.com\/kayak\/wp-content\/uploads\/2014\/03\/colle-cousu-fini-300x225.jpg\" width=\"300\" height=\"225\" srcset=\"http:\/\/www.lomic-online.com\/kayak\/wp-content\/uploads\/2014\/03\/colle-cousu-fini-300x225.jpg 300w, http:\/\/www.lomic-online.com\/kayak\/wp-content\/uploads\/2014\/03\/colle-cousu-fini.jpg 1024w\" sizes=\"(max-width: 300px) 100vw, 300px\" \/><\/a><p id=\"caption-attachment-29\" class=\"wp-caption-text\">Chesapeake 17 de arno.41<\/p><\/div>\n<p>&#8211; <strong>Petites lattes<\/strong> (strip planking ou \u00ab\u00a0SP\u00a0\u00bb) : sur un squelette form\u00e9 par les couples du bateau, on vient poser de longues lattes fines coll\u00e9es bord \u00e0 bord, qui constituent la forme de la coque, qui apr\u00e8s pon\u00e7age est recouverte de fibre de verre impr\u00e9gn\u00e9e.<\/p>\n<div id=\"attachment_30\" style=\"width: 310px\" class=\"wp-caption aligncenter\"><a href=\"http:\/\/www.lomic-online.com\/kayak\/wp-content\/uploads\/2014\/03\/sp-fini.jpg\" data-rel=\"lightbox-image-2\" data-rl_title=\"\" data-rl_caption=\"\" title=\"\"><img aria-describedby=\"caption-attachment-30\" loading=\"lazy\" class=\"size-medium wp-image-30\" alt=\"Kayak strip-planking\" src=\"http:\/\/www.lomic-online.com\/kayak\/wp-content\/uploads\/2014\/03\/sp-fini-300x225.jpg\" width=\"300\" height=\"225\" srcset=\"http:\/\/www.lomic-online.com\/kayak\/wp-content\/uploads\/2014\/03\/sp-fini-300x225.jpg 300w, http:\/\/www.lomic-online.com\/kayak\/wp-content\/uploads\/2014\/03\/sp-fini.jpg 640w\" sizes=\"(max-width: 300px) 100vw, 300px\" \/><\/a><p id=\"caption-attachment-30\" class=\"wp-caption-text\">Guillemot S&amp;P de Philippe76<\/p><\/div>\n<p>&#8211; <strong>Sandwich composite<\/strong> : m\u00eame si le coll\u00e9-cousu ou le strip planking sont aussi dans les faits des constructions composites avec un sandwich fibre\/bois\/fibre, je parle ici de kayaks construits sur un moule, avec une peau en fibre, une \u00e2me en mousse haute densit\u00e9 et une peau en fibre.<\/p>\n<p>Plus de d\u00e9tails sur la page d\u00e9di\u00e9e \u00e0 chaque type de construction :<\/p>\n<p><a title=\"Bois et toile\" href=\"http:\/\/www.lomic-online.com\/kayak\/projet\/technique-choix\/bois-toile\/\">Bois et toile<\/a>\u00a0|\u00a0<a title=\"Cousu-coll\u00e9\" href=\"http:\/\/www.lomic-online.com\/kayak\/projet\/technique-choix\/cousu-colle\/\">Cousu-coll\u00e9<\/a>\u00a0|\u00a0<a title=\"Strip-Planking\" href=\"http:\/\/www.lomic-online.com\/kayak\/projet\/technique-choix\/strip-planking\/\">Strip-Planking<\/a>\u00a0|\u00a0<a title=\"Sandwich composite\" href=\"http:\/\/www.lomic-online.com\/kayak\/projet\/technique-choix\/sandwich-composite\/\">Sandwich Composite<\/a><\/p>\n<p>Liens vers les sujets qui retracent la construction des kayaks montr\u00e9s en photo ci-dessus :<\/p>\n<p><a title=\"Construction du Sea Rider par BernardG29\" href=\"http:\/\/www.kayakdemer.eu\/forum\/showthread.php?5959-sea-rider-SOF\" target=\"_blank\">Sea Rider de Bernard G<\/a>\u00a0|\u00a0<a title=\"Construction du Chesapeake par arno.41\" href=\"http:\/\/www.kayakdemer.eu\/forum\/showthread.php?5334-Construction-Chesapeake-17LT\" target=\"_blank\">Chesapeake 17 de arno.41<\/a>\u00a0|\u00a0<a title=\"Construction d'un Guillemot en Strip-Planking par Philippe76\" href=\"http:\/\/www.kayakdemer.eu\/forum\/showthread.php?6588-Bis-repetitas\" target=\"_blank\">Guillemot S&amp;P de Philippe76<\/a><\/p>\n<p>Tous 3 membres du forum <a title=\"Forum Kayak de mer\" href=\"http:\/\/www.kayakdemer.eu\/forum\" target=\"_blank\">Kayakdemer.eu<\/a> que je fr\u00e9quente avec int\u00e9r\u00eat, notamment sa rubrique <a title=\"Construction et am\u00e9nagement sur kayakdemer.eu\" href=\"http:\/\/www.kayakdemer.eu\/forum\/forumdisplay.php?7-Construction-et-am%E9nagement\" target=\"_blank\">Construction\u00a0et am\u00e9nagement<\/a>\u00a0\ud83d\ude09<\/p>\n<p>Bien s\u00fbr je n&rsquo;ai pas choisi les kayaks les plus moches, tous sont superbes, quelle que soit la technique, mais en ce qui me concerne j&rsquo;ai un gros faible pour le r\u00e9sultat obtenu avec le strip-planking, et aussi pour la m\u00e9thode de construction elle-m\u00eame \ud83d\ude09<\/p>\n<p>Donc sans faire plus de myst\u00e8re, je vous d\u00e9voile que j&rsquo;ai choisi de construire avec la m\u00e9thode du strip-planking, que je connaissais d\u00e9j\u00e0 de la construction navale et qui a de nombreux m\u00e9rites \u00e0 mes yeux, voir la page <a title=\"Strip-Planking\" href=\"http:\/\/www.lomic-online.com\/kayak\/quelle-technique-et-pourquoi-celle-la\/strip-planking\/\">strip-planking<\/a> pour plus de d\u00e9tails.<\/p>\n<p>Page suivante : <a title=\"Quels mat\u00e9riaux?\" href=\"http:\/\/www.lomic-online.com\/kayak\/projet\/materiaux\/\">Quels mat\u00e9riaux?<\/a><\/p>\n","protected":false},"excerpt":{"rendered":"<p>Pour construire soi-m\u00eame un kayak, les techniques ne manquent pas, il faut choisir et c&rsquo;est avant tout, pour ma part en tout cas, une histoire de feeling et de pr\u00e9f\u00e9rence esth\u00e9tique pour le r\u00e9sultat obtenu. Techniques de construction amateur que&hellip; <\/p>\n","protected":false},"author":1,"featured_media":0,"parent":4,"menu_order":4,"comment_status":"open","ping_status":"closed","template":"","meta":[],"_links":{"self":[{"href":"http:\/\/www.lomic-online.com\/kayak\/wp-json\/wp\/v2\/pages\/23"}],"collection":[{"href":"http:\/\/www.lomic-online.com\/kayak\/wp-json\/wp\/v2\/pages"}],"about":[{"href":"http:\/\/www.lomic-online.com\/kayak\/wp-json\/wp\/v2\/types\/page"}],"author":[{"embeddable":true,"href":"http:\/\/www.lomic-online.com\/kayak\/wp-json\/wp\/v2\/users\/1"}],"replies":[{"embeddable":true,"href":"http:\/\/www.lomic-online.com\/kayak\/wp-json\/wp\/v2\/comments?post=23"}],"version-history":[{"count":0,"href":"http:\/\/www.lomic-online.com\/kayak\/wp-json\/wp\/v2\/pages\/23\/revisions"}],"up":[{"embeddable":true,"href":"http:\/\/www.lomic-online.com\/kayak\/wp-json\/wp\/v2\/pages\/4"}],"wp:attachment":[{"href":"http:\/\/www.lomic-online.com\/kayak\/wp-json\/wp\/v2\/media?parent=23"}],"curies":[{"name":"wp","href":"https:\/\/api.w.org\/{rel}","templated":true}]}}