{"id":25,"date":"2014-03-22T18:01:51","date_gmt":"2014-03-22T17:01:51","guid":{"rendered":"http:\/\/www.lomic-online.com\/kayak\/?page_id=25"},"modified":"2014-03-23T16:11:35","modified_gmt":"2014-03-23T15:11:35","slug":"bois-toile","status":"publish","type":"page","link":"http:\/\/www.lomic-online.com\/kayak\/projet\/technique-choix\/bois-toile\/","title":{"rendered":"Bois et toile"},"content":{"rendered":"<p>Techniques :\u00a0<strong>Bois et toile<\/strong>\u00a0| <a title=\"Cousu-coll\u00e9\" href=\"http:\/\/www.lomic-online.com\/kayak\/projet\/technique-choix\/cousu-colle\/\">Cousu-Coll\u00e9<\/a> |\u00a0<a title=\"Strip-Planking\" href=\"http:\/\/www.lomic-online.com\/kayak\/projet\/technique-choix\/strip-planking\/\">Strip-Planking<\/a>\u00a0| <a title=\"Sandwich composite\" href=\"http:\/\/www.lomic-online.com\/kayak\/projet\/technique-choix\/sandwich-composite\/\">Sandwich Composite<\/a><\/p>\n<p>Sur ce sujet, je vous recommande la lecture de\u00a0<a title=\"Construire et utiliser les kayaks de l'arctique\" href=\"http:\/\/www.canotier.com\/francais\/mer\/histoire-patrimoine-217\/construire-et-utiliser-les-kayaks-de-l-arctique\/\" target=\"_blank\">Construire et utiliser les kayaks de l&rsquo;arctique<\/a>\u00a0de Fr\u00e9d\u00e9ric et Christophe Claeys et de Gilles Huguenin.<\/p>\n<p>Ce que j&rsquo;aime dans cette technique c&rsquo;est son approche humaine, en effet il n&rsquo;y a pas de plan, pas de dimensions, le kayak est construit en se basant sur la morphologie de son futur propri\u00e9taire, par exemple, la longueur du kayak vaut 3 fois la longueur des bras, la largeur vaut la largeur des hanches + les poings ferm\u00e9s, etc.<\/p>\n<p>Ce qui me s\u00e9duit moins c&rsquo;est le type de kayak obtenu, sa forme, tr\u00e8s traditionnelle (logique) qui n&rsquo;est pas ce qui m&rsquo;attire aujourd&rsquo;hui.<\/p>\n<p>De plus si la construction de la structure me parait ais\u00e9e, l&rsquo;entoilage par contre me rebute d&rsquo;avance et je n&rsquo;aime pas trop l&rsquo;aspect de la couture finale.<\/p>\n<p>Par contre ces kayaks sont difficiles \u00e0 battre question l\u00e9g\u00e8ret\u00e9, et sont, d&rsquo;apr\u00e8s leurs aficionados, bourr\u00e9s de qualit\u00e9s. Moi je pense que ce ne sont pas les kayaks les plus accessibles, et j&rsquo;aurais aussi un peu peur de d\u00e9chirer la toile sur un rocher sournois.<\/p>\n<p>J&rsquo;ai quand m\u00eame r\u00e9alis\u00e9 une maquette en me basant sur le livre que j&rsquo;ai achet\u00e9, pour voir si la construction \u00e9tait simple et le livre bien fait, je n&rsquo;ai pas fini mais \u00e7a ressemble d\u00e9j\u00e0 \u00e0 un kayak.<\/p>\n<p><a href=\"http:\/\/www.lomic-online.com\/kayak\/wp-content\/uploads\/2014\/03\/carquit.jpg\" data-rel=\"lightbox-image-0\" data-rl_title=\"\" data-rl_caption=\"\" title=\"\"><img loading=\"lazy\" class=\"aligncenter\" alt=\"Kayak de l'Arctique Maquette\" src=\"http:\/\/www.lomic-online.com\/kayak\/wp-content\/uploads\/2014\/03\/carquit-225x300.jpg\" width=\"225\" height=\"300\" \/><\/a><\/p>\n","protected":false},"excerpt":{"rendered":"<p>Techniques :\u00a0Bois et toile\u00a0| Cousu-Coll\u00e9 |\u00a0Strip-Planking\u00a0| Sandwich Composite Sur ce sujet, je vous recommande la lecture de\u00a0Construire et utiliser les kayaks de l&rsquo;arctique\u00a0de Fr\u00e9d\u00e9ric et Christophe Claeys et de Gilles Huguenin. Ce que j&rsquo;aime dans cette technique c&rsquo;est son approche&hellip; <\/p>\n","protected":false},"author":1,"featured_media":0,"parent":23,"menu_order":1,"comment_status":"open","ping_status":"closed","template":"","meta":[],"_links":{"self":[{"href":"http:\/\/www.lomic-online.com\/kayak\/wp-json\/wp\/v2\/pages\/25"}],"collection":[{"href":"http:\/\/www.lomic-online.com\/kayak\/wp-json\/wp\/v2\/pages"}],"about":[{"href":"http:\/\/www.lomic-online.com\/kayak\/wp-json\/wp\/v2\/types\/page"}],"author":[{"embeddable":true,"href":"http:\/\/www.lomic-online.com\/kayak\/wp-json\/wp\/v2\/users\/1"}],"replies":[{"embeddable":true,"href":"http:\/\/www.lomic-online.com\/kayak\/wp-json\/wp\/v2\/comments?post=25"}],"version-history":[{"count":0,"href":"http:\/\/www.lomic-online.com\/kayak\/wp-json\/wp\/v2\/pages\/25\/revisions"}],"up":[{"embeddable":true,"href":"http:\/\/www.lomic-online.com\/kayak\/wp-json\/wp\/v2\/pages\/23"}],"wp:attachment":[{"href":"http:\/\/www.lomic-online.com\/kayak\/wp-json\/wp\/v2\/media?parent=25"}],"curies":[{"name":"wp","href":"https:\/\/api.w.org\/{rel}","templated":true}]}}