{"id":31,"date":"2014-03-22T18:34:31","date_gmt":"2014-03-22T17:34:31","guid":{"rendered":"http:\/\/www.lomic-online.com\/kayak\/?page_id=31"},"modified":"2014-03-23T22:57:31","modified_gmt":"2014-03-23T21:57:31","slug":"strip-planking","status":"publish","type":"page","link":"http:\/\/www.lomic-online.com\/kayak\/projet\/technique-choix\/strip-planking\/","title":{"rendered":"Strip-Planking"},"content":{"rendered":"<p>Techniques :\u00a0<a title=\"Bois et toile\" href=\"http:\/\/www.lomic-online.com\/kayak\/projet\/technique-choix\/bois-toile\/\">Bois et toile<\/a>\u00a0| <a title=\"Cousu-coll\u00e9\" href=\"http:\/\/www.lomic-online.com\/kayak\/projet\/technique-choix\/cousu-colle\/\">Cousu-Coll\u00e9<\/a> |\u00a0<strong>Strip-Planking<\/strong>\u00a0| <a title=\"Sandwich composite\" href=\"http:\/\/www.lomic-online.com\/kayak\/projet\/technique-choix\/sandwich-composite\/\">Sandwich Composite<\/a><\/p>\n<p>Le strip-planking, en fran\u00e7ais, c&rsquo;est la construction en petites lattes. L&rsquo;id\u00e9e c&rsquo;est de cr\u00e9er un mannequin du futur bateau, form\u00e9 de couples (des tranches de bateau) align\u00e9s et fix\u00e9s sur une traverse ou pos\u00e9s sur un b\u00e2ti. Sur ces couples, on va venir fixer des lattes, de la longueur du bateau, une par une, et on va assembler chaque latte bord-\u00e0-bord avec la latte pr\u00e9c\u00e9dente, pour obtenir la forme de la coque :<\/p>\n<p><a href=\"https:\/\/plus.google.com\/photos\/112609347805412084599\/albums\/5668854020688166241\/5668854818527949026?banner=pwa&amp;authkey=CK-e2vKQ_MnDvgE&amp;pid=5668854818527949026&amp;oid=112609347805412084599\"><img loading=\"lazy\" class=\"aligncenter size-medium wp-image-64\" alt=\"strip-planking-en-cours\" src=\"http:\/\/www.lomic-online.com\/kayak\/wp-content\/uploads\/strip-planking-en-cours-300x224.jpg\" width=\"300\" height=\"224\" srcset=\"http:\/\/www.lomic-online.com\/kayak\/wp-content\/uploads\/strip-planking-en-cours-300x224.jpg 300w, http:\/\/www.lomic-online.com\/kayak\/wp-content\/uploads\/strip-planking-en-cours.jpg 1024w\" sizes=\"(max-width: 300px) 100vw, 300px\" \/><\/a><\/p>\n<p>Sur cette photo, tir\u00e9e de la galerie de la construction de Bertrand (comme les 2 suivantes), on voit le lattage de la coque en cours. On aper\u00e7oit les couples \u00e0 l\u2019int\u00e9rieur de la coque, et les lattes qui recouvrent petit \u00e0 petit le bateau.<\/p>\n<p>Une fois la coque latt\u00e9e, il faut la poncer :<\/p>\n<p><img loading=\"lazy\" class=\"aligncenter size-medium wp-image-65\" alt=\"strip-planking-poncage\" src=\"http:\/\/www.lomic-online.com\/kayak\/wp-content\/uploads\/strip-planking-poncage-300x224.jpg\" width=\"300\" height=\"224\" srcset=\"http:\/\/www.lomic-online.com\/kayak\/wp-content\/uploads\/strip-planking-poncage-300x224.jpg 300w, http:\/\/www.lomic-online.com\/kayak\/wp-content\/uploads\/strip-planking-poncage.jpg 1024w\" sizes=\"(max-width: 300px) 100vw, 300px\" \/><\/p>\n<p>Et enfin stratifier la coque avec du tissu de verre et de la r\u00e9sine :<\/p>\n<p><img loading=\"lazy\" class=\"aligncenter size-medium wp-image-66\" alt=\"strip-planking-stratification\" src=\"http:\/\/www.lomic-online.com\/kayak\/wp-content\/uploads\/strip-planking-stratification-300x224.jpg\" width=\"300\" height=\"224\" srcset=\"http:\/\/www.lomic-online.com\/kayak\/wp-content\/uploads\/strip-planking-stratification-300x224.jpg 300w, http:\/\/www.lomic-online.com\/kayak\/wp-content\/uploads\/strip-planking-stratification.jpg 1024w\" sizes=\"(max-width: 300px) 100vw, 300px\" \/><\/p>\n<p>Mon gourou en la mati\u00e8re, \u00e7a n&rsquo;est pas Bertrand, ne lui en d\u00e9plaise, mais Nick Schade, le patron de <a title=\"Guillemot Kayaks\" href=\"http:\/\/www.guillemot-kayaks.com\/guillemot\/\" target=\"_blank\">Guillemot Kayaks<\/a>.<\/p>\n<p>Sur le site de Guillemot Kayaks, il propose des plans, pour des bateaux en strip-planking, en coll\u00e9-cousu, des kits pr\u00eats \u00e0 monter, des stages pour apprendre \u00e0 construire son kayak. Mais ce brave homme habite dans le Connecticut, \u00e7a fait loin et bien que j&rsquo;aie de la famille \u00e0 Trumbull et que \u00e7a serait l&rsquo;occasion de les voir, un s\u00e9jour l\u00e0-bas augmenterait s\u00e9v\u00e8rement le budget kayak \ud83d\ude09<\/p>\n<div id=\"attachment_78\" style=\"width: 610px\" class=\"wp-caption aligncenter\"><a href=\"http:\/\/www.guillemot-kayaks.com\/guillemot\/catalog\/boat_building_plans\/razor_billed_auk_kayak_plans\" target=\"_blank\"><img aria-describedby=\"caption-attachment-78\" loading=\"lazy\" class=\"size-full wp-image-78 \" alt=\"RBA\" src=\"http:\/\/www.lomic-online.com\/kayak\/wp-content\/uploads\/RBA.jpg\" width=\"600\" height=\"185\" srcset=\"http:\/\/www.lomic-online.com\/kayak\/wp-content\/uploads\/RBA.jpg 600w, http:\/\/www.lomic-online.com\/kayak\/wp-content\/uploads\/RBA-300x92.jpg 300w\" sizes=\"(max-width: 600px) 100vw, 600px\" \/><\/a><p id=\"caption-attachment-78\" class=\"wp-caption-text\">Razor Billed Auk par Nick Schade<\/p><\/div>\n<p>Mais Nick Shade n&rsquo;est pas du genre \u00e0 construire de beaux bateaux dans sa grotte et \u00e0 garder jalousement ses secrets de fabrication, au contraire il est tr\u00e8s partageur et met \u00e0 profit internet pour diffuser ses connaissances. J&rsquo;appr\u00e9cie beaucoup cet \u00e9tat d&rsquo;esprit, qu&rsquo;il n&rsquo;est pas le seul \u00e0 avoir d&rsquo;ailleurs, mais en mati\u00e8re de strip-planking, je n&rsquo;ai pas trouv\u00e9 de source plus compl\u00e8te.<\/p>\n<p>Sur sa\u00a0<a style=\"font-size: 14px;\" title=\"Cha\u00eene Youtube de Nick Schade\" href=\"http:\/\/www.youtube.com\/channel\/UCE4SrExIQ2h7tK_dUCXy4Fw\" target=\"_blank\">cha\u00eene Youtube<\/a>, il propose de nombreuses vid\u00e9os, d\u00e9taillant chaque \u00e9tape de la construction, de fa\u00e7on tr\u00e8s didactique, une mine d&rsquo;or&#8230;<\/p>\n<p><iframe loading=\"lazy\" src=\"\/\/www.youtube.com\/embed\/FB-eCprJ8eU\" height=\"315\" width=\"560\" allowfullscreen=\"\" frameborder=\"0\"><\/iframe><\/p>\n<p>Il a aussi \u00e9crit plusieurs livres, dont \u00ab\u00a0<a title=\"The strip-built sea kayak\" href=\"http:\/\/www.guillemot-kayaks.com\/guillemot\/information\/products\/books\/stripbuilt_sea_kayak\" target=\"_blank\">The strip-built Sea Kayak<\/a>\u00a0\u00bb qui est depuis un moment sur ma table de chevet.<\/p>\n<p>Il est \u00e9galement le cr\u00e9ateur et l&rsquo;administrateur du site\u00a0<a title=\"Kayak Forum\" href=\"http:\/\/www.kayakforum.com\/\">kayakforum.com<\/a>\u00a0o\u00f9 un forum (anglophone) permet aux constructeurs amateurs d&rsquo;\u00e9changer et de s&rsquo;entraider pour leurs projets.<\/p>\n<p>De quoi se faire une bonne base de connaissances pour envisager la construction en strip-planking, avec les bonnes techniques pour travailler aussi facilement et efficacement que possible.<\/p>\n","protected":false},"excerpt":{"rendered":"<p>Techniques :\u00a0Bois et toile\u00a0| Cousu-Coll\u00e9 |\u00a0Strip-Planking\u00a0| Sandwich Composite Le strip-planking, en fran\u00e7ais, c&rsquo;est la construction en petites lattes. L&rsquo;id\u00e9e c&rsquo;est de cr\u00e9er un mannequin du futur bateau, form\u00e9 de couples (des tranches de bateau) align\u00e9s et fix\u00e9s sur une traverse&hellip; <\/p>\n","protected":false},"author":1,"featured_media":0,"parent":23,"menu_order":3,"comment_status":"open","ping_status":"open","template":"","meta":[],"_links":{"self":[{"href":"http:\/\/www.lomic-online.com\/kayak\/wp-json\/wp\/v2\/pages\/31"}],"collection":[{"href":"http:\/\/www.lomic-online.com\/kayak\/wp-json\/wp\/v2\/pages"}],"about":[{"href":"http:\/\/www.lomic-online.com\/kayak\/wp-json\/wp\/v2\/types\/page"}],"author":[{"embeddable":true,"href":"http:\/\/www.lomic-online.com\/kayak\/wp-json\/wp\/v2\/users\/1"}],"replies":[{"embeddable":true,"href":"http:\/\/www.lomic-online.com\/kayak\/wp-json\/wp\/v2\/comments?post=31"}],"version-history":[{"count":0,"href":"http:\/\/www.lomic-online.com\/kayak\/wp-json\/wp\/v2\/pages\/31\/revisions"}],"up":[{"embeddable":true,"href":"http:\/\/www.lomic-online.com\/kayak\/wp-json\/wp\/v2\/pages\/23"}],"wp:attachment":[{"href":"http:\/\/www.lomic-online.com\/kayak\/wp-json\/wp\/v2\/media?parent=31"}],"curies":[{"name":"wp","href":"https:\/\/api.w.org\/{rel}","templated":true}]}}