{"id":33,"date":"2014-03-22T19:37:07","date_gmt":"2014-03-22T18:37:07","guid":{"rendered":"http:\/\/www.lomic-online.com\/kayak\/?page_id=33"},"modified":"2014-03-23T16:12:14","modified_gmt":"2014-03-23T15:12:14","slug":"cousu-colle","status":"publish","type":"page","link":"http:\/\/www.lomic-online.com\/kayak\/projet\/technique-choix\/cousu-colle\/","title":{"rendered":"Cousu-coll\u00e9"},"content":{"rendered":"<p>Techniques :\u00a0<a title=\"Bois et toile\" href=\"http:\/\/www.lomic-online.com\/kayak\/projet\/technique-choix\/bois-toile\/\">Bois et toile<\/a>\u00a0| <strong>Cousu-Coll\u00e9<\/strong> |\u00a0<a title=\"Strip-Planking\" href=\"http:\/\/www.lomic-online.com\/kayak\/projet\/technique-choix\/strip-planking\/\">Strip-Planking<\/a>\u00a0| <a title=\"Sandwich composite\" href=\"http:\/\/www.lomic-online.com\/kayak\/projet\/technique-choix\/sandwich-composite\/\">Sandwich Composite<\/a><\/p>\n<p>La technique du cousu-coll\u00e9 est probablement la plus abordable et la plus rapide pour construire son kayak soi-m\u00eame.<\/p>\n<p>Seul \u00e9cueil : il faut avoir de bons plans et faire des d\u00e9coupes pr\u00e9cises et sym\u00e9triques, sous peine de ne pas pouvoir r\u00e9ussir \u00e0 faire un kayak droit ou d&rsquo;avoir des jours entre les plaques.<\/p>\n<p>J&rsquo;ai longtemps h\u00e9sit\u00e9 \u00e0 utiliser cette technique, tent\u00e9 par sa rapidit\u00e9 de mise en oeuvre, les mat\u00e9riaux simples \u00e0 se procurer (grosso-modo des plaques de contre-plaqu\u00e9), et certains mod\u00e8les de bateau construis avec cette technique me plaisent beaucoup. De plus leur coque \u00e0 bouchain vif (qui pr\u00e9sente des angles nets) est tr\u00e8s efficace sur l&rsquo;eau.<\/p>\n<p>La construction se r\u00e9sume \u00e0 quelques \u00e9tapes simples :<\/p>\n<p>1 &#8211; Trac\u00e9 des plaques \u00e0 d\u00e9couper<br \/>\n2 &#8211; D\u00e9coupe (attention \u00e0 la pr\u00e9cision et la sym\u00e9trie)<br \/>\n3 &#8211; Sutures des plaques entre elle avec un mannequin grossier en support<\/p>\n<p><a href=\"http:\/\/www.lomic-online.com\/kayak\/wp-content\/uploads\/cousu-colle-sutures.jpg\" data-rel=\"lightbox-image-0\" data-rl_title=\"\" data-rl_caption=\"\" title=\"\"><img loading=\"lazy\" class=\"aligncenter size-medium wp-image-59\" alt=\"cousu-colle sutures\" src=\"http:\/\/www.lomic-online.com\/kayak\/wp-content\/uploads\/cousu-colle-sutures-220x300.jpg\" width=\"220\" height=\"300\" srcset=\"http:\/\/www.lomic-online.com\/kayak\/wp-content\/uploads\/cousu-colle-sutures-220x300.jpg 220w, http:\/\/www.lomic-online.com\/kayak\/wp-content\/uploads\/cousu-colle-sutures.jpg 529w\" sizes=\"(max-width: 220px) 100vw, 220px\" \/><\/a><\/p>\n<p>4 &#8211; Collage par joint-cong\u00e9 des plaques<\/p>\n<p><a href=\"http:\/\/www.lomic-online.com\/kayak\/wp-content\/uploads\/cousu-colle-joints.jpg\" data-rel=\"lightbox-image-1\" data-rl_title=\"\" data-rl_caption=\"\" title=\"\"><img loading=\"lazy\" class=\"aligncenter size-medium wp-image-60\" alt=\"cousu-colle joints\" src=\"http:\/\/www.lomic-online.com\/kayak\/wp-content\/uploads\/cousu-colle-joints-300x225.jpg\" width=\"300\" height=\"225\" srcset=\"http:\/\/www.lomic-online.com\/kayak\/wp-content\/uploads\/cousu-colle-joints-300x225.jpg 300w, http:\/\/www.lomic-online.com\/kayak\/wp-content\/uploads\/cousu-colle-joints.jpg 960w\" sizes=\"(max-width: 300px) 100vw, 300px\" \/><\/a><\/p>\n<p>5 &#8211; Retrait des sutures<br \/>\n6 &#8211; Entoilage fibre de verre impr\u00e9gn\u00e9e<\/p>\n<p><a href=\"http:\/\/www.lomic-online.com\/kayak\/wp-content\/uploads\/cousu-colle-strat.jpg\" data-rel=\"lightbox-image-2\" data-rl_title=\"\" data-rl_caption=\"\" title=\"\"><img loading=\"lazy\" class=\"aligncenter size-medium wp-image-61\" alt=\"cousu-colle stratification\" src=\"http:\/\/www.lomic-online.com\/kayak\/wp-content\/uploads\/cousu-colle-strat-300x225.jpg\" width=\"300\" height=\"225\" srcset=\"http:\/\/www.lomic-online.com\/kayak\/wp-content\/uploads\/cousu-colle-strat-300x225.jpg 300w, http:\/\/www.lomic-online.com\/kayak\/wp-content\/uploads\/cousu-colle-strat.jpg 960w\" sizes=\"(max-width: 300px) 100vw, 300px\" \/><\/a><\/p>\n<p>Les photos ci-dessus proviennent du site d&rsquo;<a title=\"Arwen Marine, kayak cousu-coll\u00e9\" href=\"http:\/\/www.arwenmarine.com\/CousuColle.html\" target=\"_blank\">Arwen Marine<\/a>, qui propose de nombreux plans et kit pour construire soi-m\u00eame son bateau.<\/p>\n<p>Les kayaks obtenus sont l\u00e9gers selon l&rsquo;\u00e9paisseur de contre-plaqu\u00e9 et le nombre de couches de fibre de verre ou le grammage choisi, tout d\u00e9pend de l&rsquo;objectif du constructeur, certains visent la solidit\u00e9 avant tout, d&rsquo;autres privil\u00e9gient la l\u00e9g\u00e8ret\u00e9, quitte \u00e0 devoir \u00eatre plus vigilants en navigation.<\/p>\n<p>Exemple avec l&rsquo;Idglossuit de mon coll\u00e8gue Bruno, que j&rsquo;ai connu par la planche et qui a saut\u00e9 le pas de la construction de son kayak avant moi :<\/p>\n<div id=\"attachment_34\" style=\"width: 310px\" class=\"wp-caption aligncenter\"><a href=\"http:\/\/www.lomic-online.com\/kayak\/wp-content\/uploads\/2014\/03\/idglossuit_bruno.jpg\" data-rel=\"lightbox-image-3\" data-rl_title=\"\" data-rl_caption=\"\" title=\"\"><img aria-describedby=\"caption-attachment-34\" loading=\"lazy\" class=\"size-medium wp-image-34\" alt=\"Igdlorssuit de Bruno\" src=\"http:\/\/www.lomic-online.com\/kayak\/wp-content\/uploads\/2014\/03\/idglossuit_bruno-300x157.jpg\" width=\"300\" height=\"157\" srcset=\"http:\/\/www.lomic-online.com\/kayak\/wp-content\/uploads\/2014\/03\/idglossuit_bruno-300x157.jpg 300w, http:\/\/www.lomic-online.com\/kayak\/wp-content\/uploads\/2014\/03\/idglossuit_bruno.jpg 743w\" sizes=\"(max-width: 300px) 100vw, 300px\" \/><\/a><p id=\"caption-attachment-34\" class=\"wp-caption-text\">Igdlorssuit de Bruno<\/p><\/div>\n<p>J&rsquo;ai pu voir son kayak, le soupeser, le voir \u00e9voluer sur l&rsquo;eau, pas mal du tout, et l&rsquo;exp\u00e9rience fra\u00eeche de Bruno disponible si je me lan\u00e7ais sur le m\u00eame, tentant&#8230;<\/p>\n<p>Vous pouvez voir la constuction du kayak sur le\u00a0<a title=\"Construction de l'Idglorssuit de Bruno\" href=\"http:\/\/bd7809.free.fr\/k1_mon_choix.html\" target=\"_blank\">blog de Bruno<\/a>.<\/p>\n<p>Alors pourquoi pas cette technique-l\u00e0? Parce que \u00e7a n&rsquo;est pas celle qui m&rsquo;attire le plus. Mais c&rsquo;est celle que je choisirais si je voulais avant tout avoir rapidement un bon kayak sans accorder d&rsquo;importance \u00e0 la technique de construction.<\/p>\n","protected":false},"excerpt":{"rendered":"<p>Techniques :\u00a0Bois et toile\u00a0| Cousu-Coll\u00e9 |\u00a0Strip-Planking\u00a0| Sandwich Composite La technique du cousu-coll\u00e9 est probablement la plus abordable et la plus rapide pour construire son kayak soi-m\u00eame. Seul \u00e9cueil : il faut avoir de bons plans et faire des d\u00e9coupes pr\u00e9cises&hellip; <\/p>\n","protected":false},"author":1,"featured_media":0,"parent":23,"menu_order":2,"comment_status":"open","ping_status":"open","template":"","meta":[],"_links":{"self":[{"href":"http:\/\/www.lomic-online.com\/kayak\/wp-json\/wp\/v2\/pages\/33"}],"collection":[{"href":"http:\/\/www.lomic-online.com\/kayak\/wp-json\/wp\/v2\/pages"}],"about":[{"href":"http:\/\/www.lomic-online.com\/kayak\/wp-json\/wp\/v2\/types\/page"}],"author":[{"embeddable":true,"href":"http:\/\/www.lomic-online.com\/kayak\/wp-json\/wp\/v2\/users\/1"}],"replies":[{"embeddable":true,"href":"http:\/\/www.lomic-online.com\/kayak\/wp-json\/wp\/v2\/comments?post=33"}],"version-history":[{"count":0,"href":"http:\/\/www.lomic-online.com\/kayak\/wp-json\/wp\/v2\/pages\/33\/revisions"}],"up":[{"embeddable":true,"href":"http:\/\/www.lomic-online.com\/kayak\/wp-json\/wp\/v2\/pages\/23"}],"wp:attachment":[{"href":"http:\/\/www.lomic-online.com\/kayak\/wp-json\/wp\/v2\/media?parent=33"}],"curies":[{"name":"wp","href":"https:\/\/api.w.org\/{rel}","templated":true}]}}