{"id":38,"date":"2014-03-22T19:59:55","date_gmt":"2014-03-22T18:59:55","guid":{"rendered":"http:\/\/www.lomic-online.com\/kayak\/?page_id=38"},"modified":"2014-03-23T22:20:18","modified_gmt":"2014-03-23T21:20:18","slug":"materiaux","status":"publish","type":"page","link":"http:\/\/www.lomic-online.com\/kayak\/projet\/materiaux\/","title":{"rendered":"Quels mat\u00e9riaux?"},"content":{"rendered":"<p>Pour la construction en strip-planking, il faut 3 \u00e9l\u00e9ments essentiels : le bois, le tissu de verre et la r\u00e9sine.<\/p>\n<p>Ici encore tout est affaire de choix, m\u00eame si un bois en particulier est tr\u00e8s souvent utilis\u00e9, il est possible de choisir des alternatives.<\/p>\n<p><a title=\"Bois\" href=\"http:\/\/www.lomic-online.com\/kayak\/projet\/materiaux\/bois\/\">Plus de d\u00e9tails sur le bois.<\/a><\/p>\n<p>&nbsp;<\/p>\n<p>Pour la fibre de verre, le tissage et le grammage peuvent \u00eatre choisis sur divers crit\u00e8res.<\/p>\n<p><a title=\"Fibre de verre et r\u00e9sine\" href=\"http:\/\/www.lomic-online.com\/kayak\/projet\/materiaux\/fibre-verre-resine\/\">Plus de d\u00e9tails sur la fibre et la r\u00e9sine.<\/a><\/p>\n<p>Page suivante : <a title=\"D\u2019o\u00f9 viennent les plans?\" href=\"http:\/\/www.lomic-online.com\/kayak\/projet\/plans\/\">D&rsquo;o\u00f9 viennent les plans?<\/a><\/p>\n<p>&nbsp;<\/p>\n","protected":false},"excerpt":{"rendered":"<p>Pour la construction en strip-planking, il faut 3 \u00e9l\u00e9ments essentiels : le bois, le tissu de verre et la r\u00e9sine. Ici encore tout est affaire de choix, m\u00eame si un bois en particulier est tr\u00e8s souvent utilis\u00e9, il est possible&hellip; <\/p>\n","protected":false},"author":1,"featured_media":0,"parent":4,"menu_order":5,"comment_status":"open","ping_status":"closed","template":"","meta":[],"_links":{"self":[{"href":"http:\/\/www.lomic-online.com\/kayak\/wp-json\/wp\/v2\/pages\/38"}],"collection":[{"href":"http:\/\/www.lomic-online.com\/kayak\/wp-json\/wp\/v2\/pages"}],"about":[{"href":"http:\/\/www.lomic-online.com\/kayak\/wp-json\/wp\/v2\/types\/page"}],"author":[{"embeddable":true,"href":"http:\/\/www.lomic-online.com\/kayak\/wp-json\/wp\/v2\/users\/1"}],"replies":[{"embeddable":true,"href":"http:\/\/www.lomic-online.com\/kayak\/wp-json\/wp\/v2\/comments?post=38"}],"version-history":[{"count":0,"href":"http:\/\/www.lomic-online.com\/kayak\/wp-json\/wp\/v2\/pages\/38\/revisions"}],"up":[{"embeddable":true,"href":"http:\/\/www.lomic-online.com\/kayak\/wp-json\/wp\/v2\/pages\/4"}],"wp:attachment":[{"href":"http:\/\/www.lomic-online.com\/kayak\/wp-json\/wp\/v2\/media?parent=38"}],"curies":[{"name":"wp","href":"https:\/\/api.w.org\/{rel}","templated":true}]}}