{"id":39,"date":"2014-03-22T20:00:12","date_gmt":"2014-03-22T19:00:12","guid":{"rendered":"http:\/\/www.lomic-online.com\/kayak\/?page_id=39"},"modified":"2021-10-17T19:00:47","modified_gmt":"2021-10-17T18:00:47","slug":"plans","status":"publish","type":"page","link":"http:\/\/www.lomic-online.com\/kayak\/projet\/plans\/","title":{"rendered":"D&rsquo;o\u00f9 viennent les plans?"},"content":{"rendered":"\n<p>Pour trouver les plans d&rsquo;un kayak, Internet est une ressource tr\u00e8s vaste, il existe de nombreux plans gratuits, adapt\u00e9s aux diff\u00e9rentes techniques de construction.<\/p>\n\n\n\n<p>Malheureusement mes go\u00fbts et envies orient\u00e9s surfski et formes pas trop traditionnelles ne m&rsquo;ont pas aid\u00e9 car ce sont des formes plut\u00f4t r\u00e9centes et peu courantes en plan gratuit.<\/p>\n\n\n\n<p>C\u00f4t\u00e9 plans payants, \u00e7a ne se bouscule pas des masses non plus, et puis l&rsquo;id\u00e9e c&rsquo;est quand m\u00eame de le construire pour un co\u00fbt modique, c&rsquo;est mon premier, il va essuyer les pl\u00e2tres et qui sait je ne le finirai peut-\u00eatre jamais, alors si je peux \u00e9conomiser l&rsquo;achat des plans&#8230;<\/p>\n\n\n\n<p>Et puis l\u00e0, coup de bol, sur le forum kayakdemer.eu un certain Bertrand, du 56 (un voisin quoi) poste un sujet sur la construction de son kayak, en strip-planking, avec un plan personnel, typ\u00e9 surfski!<\/p>\n\n\n\n<div class=\"wp-block-image\"><figure class=\"aligncenter\"><a href=\"http:\/\/kayak-en-bois.over-blog.com\/\" target=\"_blank\" rel=\"noopener\"><img loading=\"lazy\" width=\"300\" height=\"224\" src=\"http:\/\/www.lomic-online.com\/kayak\/wp-content\/uploads\/arcadia-300x224.jpg\" alt=\"Arcadia\" class=\"wp-image-52\" srcset=\"http:\/\/www.lomic-online.com\/kayak\/wp-content\/uploads\/arcadia-300x224.jpg 300w, http:\/\/www.lomic-online.com\/kayak\/wp-content\/uploads\/arcadia-1024x764.jpg 1024w, http:\/\/www.lomic-online.com\/kayak\/wp-content\/uploads\/arcadia.jpg 1300w\" sizes=\"(max-width: 300px) 100vw, 300px\" \/><\/a><\/figure><\/div>\n\n\n\n<p class=\"has-text-align-center\"><\/p>\n\n\n\n<p>En plus, il a bon go\u00fbt, il l&rsquo;a appel\u00e9 l&rsquo;Arcadia (comme le vaisseau d&rsquo;Albator) et il a mis une t\u00eate de mort sur la proue, plein de bonnes id\u00e9es ce Bertrand \ud83d\ude09<\/p>\n\n\n\n<p><a title=\"Construction de l'Arcadia par Bertrand56\" href=\"http:\/\/www.kayakdemer.eu\/forum\/showthread.php?9566-C-est-la-fin\" target=\"_blank\" rel=\"noopener\">C&rsquo;est la fin<\/a><\/p>\n\n\n\n<p>\u00ab\u00a0C&rsquo;est la fin\u00a0\u00bb est le titre de son sujet, mais pour moi c&rsquo;est plut\u00f4t le d\u00e9but, tout de suite son kayak me plait beaucoup, d&rsquo;une part il est construit avec la technique qui me plait le plus, d&rsquo;autre part ses formes me plaisent et en prime, Bertrand a \u00e9t\u00e9 pile dans la direction qui me tentait le plus.<\/p>\n\n\n\n<p>Et comme Bertrand l&rsquo;a termin\u00e9 et essay\u00e9, il peut confirmer que le kayak r\u00e9pond au cahier des charges qu&rsquo;il s&rsquo;\u00e9tait fix\u00e9.<\/p>\n\n\n\n<p>Il a cr\u00e9\u00e9 les plans avec le logiciel gratuit <a title=\"Kayak Foundry\" href=\"http:\/\/www.blueheronkayaks.com\/kayak\/software\/software.htm\" target=\"_blank\" rel=\"noopener\">Kayak Foundry<\/a> qui permet de cr\u00e9er des kayaks pour le strip-planking.<\/p>\n\n\n\n<div class=\"wp-block-image\"><figure class=\"aligncenter\"><a href=\"http:\/\/www.blueheronkayaks.com\/kayak\/software\/software.htm\"><img loading=\"lazy\" width=\"300\" height=\"218\" src=\"http:\/\/www.lomic-online.com\/kayak\/wp-content\/uploads\/kayakfoundry-300x218.jpg\" alt=\"Logiciel Kayak Foundry\" class=\"wp-image-53\" srcset=\"http:\/\/www.lomic-online.com\/kayak\/wp-content\/uploads\/kayakfoundry-300x218.jpg 300w, http:\/\/www.lomic-online.com\/kayak\/wp-content\/uploads\/kayakfoundry-1024x746.jpg 1024w, http:\/\/www.lomic-online.com\/kayak\/wp-content\/uploads\/kayakfoundry.jpg 1400w\" sizes=\"(max-width: 300px) 100vw, 300px\" \/><\/a><\/figure><\/div>\n\n\n\n<p>Comme son bateau me plaisait beaucoup et correspondait bien \u00e0 mes attentes, je lui ai demand\u00e9 s&rsquo;il acceptait de partager ses plans, et il a tr\u00e8s sympathiquement propos\u00e9 le fichier de plans en t\u00e9l\u00e9chargement sur le forum, encore merci \u00e0 lui.<\/p>\n\n\n\n<p>De plus nous avons pas mal \u00e9chang\u00e9 par mail, car j&rsquo;avais \u00e9videmment plein de questions.<\/p>\n\n\n\n<div class=\"wp-block-image\"><figure class=\"aligncenter\"><a href=\"http:\/\/www.lomic-online.com\/kayak\/wp-content\/uploads\/arcadia_lateral.jpg\" data-rel=\"lightbox-image-0\" data-rl_title=\"\" data-rl_caption=\"\" title=\"\"><img loading=\"lazy\" width=\"1024\" height=\"256\" src=\"http:\/\/www.lomic-online.com\/kayak\/wp-content\/uploads\/arcadia_lateral-1024x256.jpg\" alt=\"Arcadia vue de profil\" class=\"wp-image-84\" srcset=\"http:\/\/www.lomic-online.com\/kayak\/wp-content\/uploads\/arcadia_lateral-1024x256.jpg 1024w, http:\/\/www.lomic-online.com\/kayak\/wp-content\/uploads\/arcadia_lateral-300x75.jpg 300w, http:\/\/www.lomic-online.com\/kayak\/wp-content\/uploads\/arcadia_lateral.jpg 1200w\" sizes=\"(max-width: 1024px) 100vw, 1024px\" \/><\/a><figcaption>Arcadia vue de profil<\/figcaption><\/figure><\/div>\n\n\n\n<p><strong>[Edit] On me demande r\u00e9guli\u00e8rement le plan alors je mets \u00e0 dispo le fichier <a href=\"http:\/\/www.lomic-online.com\/kayak\/wp-content\/uploads\/Arcadia-Lomic.yak\" target=\"_blank\" rel=\"noopener\">&gt;&gt; ici &lt;&lt;<\/a><\/strong><\/p>\n\n\n\n<p>Le plus simple pour le r\u00e9cup\u00e9rer : Clic-droit \u00ab\u00a0Enregistrer la cible du lien sous&#8230;\u00a0\u00bb car comme c&rsquo;est un format type XML, si vous cliquez gauche sur le lien il vous l&rsquo;ouvrira dans un nouvel onglet (vous pourrez aussi \u00ab\u00a0Enregistrer la page sous&#8230;\u00a0\u00bb depuis ce nouvel onglet mais \u00e7a va plus vite avec le clic-droit sur le lien).<\/p>\n\n\n\n<hr class=\"wp-block-separator\"\/>\n\n\n\n<p>Page suivante : <a title=\"Comment se d\u00e9roule le chantier?\" href=\"http:\/\/www.lomic-online.com\/kayak\/projet\/comment-se-deroule-le-chantier\/\">Comment se d\u00e9roule le chantier?<\/a><\/p>\n","protected":false},"excerpt":{"rendered":"<p>Pour trouver les plans d&rsquo;un kayak, Internet est une ressource tr\u00e8s vaste, il existe de nombreux plans gratuits, adapt\u00e9s aux diff\u00e9rentes techniques de construction. Malheureusement mes go\u00fbts et envies orient\u00e9s surfski et formes pas trop traditionnelles ne m&rsquo;ont pas aid\u00e9&hellip; <\/p>\n","protected":false},"author":1,"featured_media":0,"parent":4,"menu_order":6,"comment_status":"open","ping_status":"closed","template":"","meta":[],"_links":{"self":[{"href":"http:\/\/www.lomic-online.com\/kayak\/wp-json\/wp\/v2\/pages\/39"}],"collection":[{"href":"http:\/\/www.lomic-online.com\/kayak\/wp-json\/wp\/v2\/pages"}],"about":[{"href":"http:\/\/www.lomic-online.com\/kayak\/wp-json\/wp\/v2\/types\/page"}],"author":[{"embeddable":true,"href":"http:\/\/www.lomic-online.com\/kayak\/wp-json\/wp\/v2\/users\/1"}],"replies":[{"embeddable":true,"href":"http:\/\/www.lomic-online.com\/kayak\/wp-json\/wp\/v2\/comments?post=39"}],"version-history":[{"count":0,"href":"http:\/\/www.lomic-online.com\/kayak\/wp-json\/wp\/v2\/pages\/39\/revisions"}],"up":[{"embeddable":true,"href":"http:\/\/www.lomic-online.com\/kayak\/wp-json\/wp\/v2\/pages\/4"}],"wp:attachment":[{"href":"http:\/\/www.lomic-online.com\/kayak\/wp-json\/wp\/v2\/media?parent=39"}],"curies":[{"name":"wp","href":"https:\/\/api.w.org\/{rel}","templated":true}]}}