{"id":4,"date":"2014-03-22T16:16:37","date_gmt":"2014-03-22T15:16:37","guid":{"rendered":"http:\/\/www.lomic-online.com\/kayak\/?page_id=4"},"modified":"2014-06-02T18:34:12","modified_gmt":"2014-06-02T17:34:12","slug":"projet","status":"publish","type":"page","link":"http:\/\/www.lomic-online.com\/kayak\/","title":{"rendered":"Accueil"},"content":{"rendered":"\n\t\t<aside id=\"recent-posts-3\" class=\"widget widget_recent_entries amr_widget\">\n\t\t<h5  class=\"widget-title\"  >Derniers posts<\/h5>\n\t\t<ul>\n\t\t\t\t\t\t\t\t\t\t\t<li>\n\t\t\t\t\t<a href=\"http:\/\/www.lomic-online.com\/kayak\/lentement-mais-surement\/\">Lentement mais s\u00fbrement&#8230;<\/a>\n\t\t\t\t\t\t\t\t\t\t\t<span class=\"post-date\">2 juin<\/span>\n\t\t\t\t\t\t\t\t\t<\/li>\n\t\t\t\t\t\t\t\t\t\t\t<li>\n\t\t\t\t\t<a href=\"http:\/\/www.lomic-online.com\/kayak\/3-4-et-5-accelere\/\">3, 4 et 5 \u00e7a acc\u00e9l\u00e8re&#8230;<\/a>\n\t\t\t\t\t\t\t\t\t\t\t<span class=\"post-date\">29 mai<\/span>\n\t\t\t\t\t\t\t\t\t<\/li>\n\t\t\t\t\t\t\t\t\t\t\t<li>\n\t\t\t\t\t<a href=\"http:\/\/www.lomic-online.com\/kayak\/deuxieme-latte-posee\/\">Deuxi\u00e8me latte pos\u00e9e!<\/a>\n\t\t\t\t\t\t\t\t\t\t\t<span class=\"post-date\">27 mai<\/span>\n\t\t\t\t\t\t\t\t\t<\/li>\n\t\t\t\t\t<\/ul>\n\n\t\t<\/aside>\n<blockquote><p>D\u00e9but : 22 Mars 2014<br \/>\nObjectif : Mise \u00e0 l&rsquo;eau pour l&rsquo;\u00e9t\u00e9 (21 Juin) ou avant si possible.<br \/>\nDerni\u00e8re mise \u00e0 jour :<strong>\u00a002\u00a0Juin<\/strong><\/p>\n<p>Temps pass\u00e9 :<strong>\u00a033h00<\/strong><\/p>\n<p>D\u00e9penses :<strong> 165\u20ac<\/strong><\/p>\n<p><a title=\"Comment se d\u00e9roule le chantier?\" href=\"http:\/\/www.lomic-online.com\/kayak\/projet\/comment-se-deroule-le-chantier\/\">Plus de d\u00e9tails [&#8230;]<\/a><\/p><\/blockquote>\n<p>&nbsp;<br \/>\n<a href=\"http:\/\/www.lomic-online.com\/kayak\/wp-content\/uploads\/20140602-tribord-4-lattes.jpg\" data-rel=\"lightbox-image-0\" data-rl_title=\"\" data-rl_caption=\"\" title=\"\"><img loading=\"lazy\" src=\"http:\/\/www.lomic-online.com\/kayak\/wp-content\/uploads\/20140602-tribord-4-lattes-1024x768.jpg\" alt=\"tribord-4-lattes\" width=\"700\" height=\"525\" class=\"aligncenter size-large wp-image-182\" srcset=\"http:\/\/www.lomic-online.com\/kayak\/wp-content\/uploads\/20140602-tribord-4-lattes-1024x768.jpg 1024w, http:\/\/www.lomic-online.com\/kayak\/wp-content\/uploads\/20140602-tribord-4-lattes-300x225.jpg 300w, http:\/\/www.lomic-online.com\/kayak\/wp-content\/uploads\/20140602-tribord-4-lattes.jpg 1200w\" sizes=\"(max-width: 700px) 100vw, 700px\" \/><\/a><\/p>\n","protected":false},"excerpt":{"rendered":"<p>D\u00e9but : 22 Mars 2014 Objectif : Mise \u00e0 l&rsquo;eau pour l&rsquo;\u00e9t\u00e9 (21 Juin) ou avant si possible. Derni\u00e8re mise \u00e0 jour :\u00a002\u00a0Juin Temps pass\u00e9 :\u00a033h00 D\u00e9penses : 165\u20ac Plus de d\u00e9tails [&#8230;] &nbsp;<\/p>\n","protected":false},"author":1,"featured_media":0,"parent":0,"menu_order":1,"comment_status":"closed","ping_status":"closed","template":"","meta":[],"_links":{"self":[{"href":"http:\/\/www.lomic-online.com\/kayak\/wp-json\/wp\/v2\/pages\/4"}],"collection":[{"href":"http:\/\/www.lomic-online.com\/kayak\/wp-json\/wp\/v2\/pages"}],"about":[{"href":"http:\/\/www.lomic-online.com\/kayak\/wp-json\/wp\/v2\/types\/page"}],"author":[{"embeddable":true,"href":"http:\/\/www.lomic-online.com\/kayak\/wp-json\/wp\/v2\/users\/1"}],"replies":[{"embeddable":true,"href":"http:\/\/www.lomic-online.com\/kayak\/wp-json\/wp\/v2\/comments?post=4"}],"version-history":[{"count":0,"href":"http:\/\/www.lomic-online.com\/kayak\/wp-json\/wp\/v2\/pages\/4\/revisions"}],"wp:attachment":[{"href":"http:\/\/www.lomic-online.com\/kayak\/wp-json\/wp\/v2\/media?parent=4"}],"curies":[{"name":"wp","href":"https:\/\/api.w.org\/{rel}","templated":true}]}}