{"id":42,"date":"2014-03-22T20:01:55","date_gmt":"2014-03-22T19:01:55","guid":{"rendered":"http:\/\/www.lomic-online.com\/kayak\/?page_id=42"},"modified":"2014-03-23T17:47:46","modified_gmt":"2014-03-23T16:47:46","slug":"utilisation-objectifs-kayak","status":"publish","type":"page","link":"http:\/\/www.lomic-online.com\/kayak\/projet\/utilisation-objectifs-kayak\/","title":{"rendered":"Pour quelle utilisation?"},"content":{"rendered":"<p>Pour choisir son kayak, il faut savoir ce qu&rsquo;on veut faire avec, \u00e7a tombe bien je commence \u00e0 avoir une id\u00e9e assez pr\u00e9cise de mes envies actuelles.<\/p>\n<p>Avec l&rsquo;exp\u00e9rience des sorties en SUP, compl\u00e9t\u00e9es par la petite 15aine de sorties faites avec mon Ysak depuis son achat, j&rsquo;ai pu m&rsquo;\u00e9claircir un peu les id\u00e9es sur l&rsquo;usage attendu d&rsquo;un kayak dans mon cas.<\/p>\n<p>Ca \u00e9voluera certainement dans le temps, mais pour l&rsquo;instant, il ne s&rsquo;agit pas de traverser le d\u00e9troit de Bering en autonomie compl\u00e8te ou de partir p\u00eacher le bar (m\u00eame si ces deux usages ont des c\u00f4t\u00e9s tentants). Non mon usage c&rsquo;est de la balade \u00e0 la journ\u00e9e, \u00e0 divers rythmes, de tranquillou avec des copains (souvent pas \u00e9quip\u00e9s pour aller aussi vite) \u00e0 plus sportif quand je suis en solo et que je souhaite atteindre rapidement une destination ou me d\u00e9penser sans parcours d\u00e9fini.<\/p>\n<p>En r\u00e9sum\u00e9 un kayak qui se pr\u00eat bien \u00e0 un usage sportif, sans pour autant \u00eatre totalement instable \u00e0 l&rsquo;arr\u00eat ou en mode fl\u00e2nerie. Et pas besoin d&rsquo;un porte-containers qui me permet de partir 10 jours en autonomie compl\u00e8te. C&rsquo;est pas dur, je pense que je ne mettrai aucune trappe sur le mien! Il sera toujours temps d&rsquo;en cr\u00e9er une si le besoin de bivouaquer se d\u00e9veloppait.<\/p>\n<p>Ce qui r\u00e9pond \u00e0 mes envies, et que j&rsquo;aime bien aussi niveau formes, dans l&rsquo;offre de kayaks neufs, ce sont les kayaks de type \u00ab\u00a0surfski\u00a0\u00bb, et \u00e0 choisir, pont\u00e9s et non \u00ab\u00a0sit-on-top\u00a0\u00bb (ouverts), et pas les mod\u00e8les les plus extr\u00eames pour la compet, plus des surfskis accessibles et pont\u00e9s.<\/p>\n<p>Exemple avec le Lettman Speedliner (qui n&rsquo;est pas mon pr\u00e9f\u00e9r\u00e9 du tout, c&rsquo;est juste pour illustrer)<\/p>\n<p><a href=\"http:\/\/www.lettmann.de\/catalog\/product_info.php\/cPath\/21\/products_id\/610\/language\/en\"><img loading=\"lazy\" class=\"aligncenter size-medium wp-image-50\" alt=\"Lettman Speedliner\" src=\"http:\/\/www.lomic-online.com\/kayak\/wp-content\/uploads\/Speedliner-Perspektive-300x88.jpg\" width=\"300\" height=\"88\" srcset=\"http:\/\/www.lomic-online.com\/kayak\/wp-content\/uploads\/Speedliner-Perspektive-300x88.jpg 300w, http:\/\/www.lomic-online.com\/kayak\/wp-content\/uploads\/Speedliner-Perspektive.jpg 900w\" sizes=\"(max-width: 300px) 100vw, 300px\" \/><\/a><\/p>\n<p>Je ne suis pas trop attir\u00e9 par les kayaks de mer plus traditionnels (sans m\u00eame parler de bois et toile) aux formes banan\u00e9es avec 15 trappes sur le pont, le compas, un filet etc.<\/p>\n<p>Exemple avec l&rsquo;Anas Acuta (qui est dans mes pr\u00e9f\u00e9r\u00e9s en traditionnel) :<\/p>\n<p><a href=\"http:\/\/www.bekayak.com\/anas-acuta-valley.html\"><img loading=\"lazy\" class=\"aligncenter size-medium wp-image-51\" alt=\"Anas Acuta\" src=\"http:\/\/www.lomic-online.com\/kayak\/wp-content\/uploads\/ANASACUTAGRPT-300x73.jpg\" width=\"300\" height=\"73\" srcset=\"http:\/\/www.lomic-online.com\/kayak\/wp-content\/uploads\/ANASACUTAGRPT-300x73.jpg 300w, http:\/\/www.lomic-online.com\/kayak\/wp-content\/uploads\/ANASACUTAGRPT.jpg 1000w\" sizes=\"(max-width: 300px) 100vw, 300px\" \/><\/a><\/p>\n<p>Les 2 bestioles ci-dessus sont vendues 2380 et 2900\u20ac mais bon, je me base pas sur ces prix neufs pour justifier la construction maison, c&rsquo;est trop facile \ud83d\ude09<\/p>\n<p><span style=\"font-size: 14px;\">Evidemment je pourrais m&rsquo;en acheter un tout fait, mais en occasion il y en a tr\u00e8s peu, et en neuf c&rsquo;est tr\u00e8s cher, et j&rsquo;ai envie de construire moi-m\u00eame donc&#8230;<\/span><\/p>\n<p>Page suivante : <a title=\"Pourquoi le construire?\" href=\"http:\/\/www.lomic-online.com\/kayak\/projet\/pourquoi-construire\/\">Pourquoi le construire?<\/a><a title=\"D\u2019o\u00f9 viennent les plans?\" href=\"http:\/\/www.lomic-online.com\/kayak\/projet\/plans\/\"><br \/>\n<\/a><\/p>\n","protected":false},"excerpt":{"rendered":"<p>Pour choisir son kayak, il faut savoir ce qu&rsquo;on veut faire avec, \u00e7a tombe bien je commence \u00e0 avoir une id\u00e9e assez pr\u00e9cise de mes envies actuelles. Avec l&rsquo;exp\u00e9rience des sorties en SUP, compl\u00e9t\u00e9es par la petite 15aine de sorties&hellip; <\/p>\n","protected":false},"author":1,"featured_media":0,"parent":4,"menu_order":2,"comment_status":"open","ping_status":"closed","template":"","meta":[],"_links":{"self":[{"href":"http:\/\/www.lomic-online.com\/kayak\/wp-json\/wp\/v2\/pages\/42"}],"collection":[{"href":"http:\/\/www.lomic-online.com\/kayak\/wp-json\/wp\/v2\/pages"}],"about":[{"href":"http:\/\/www.lomic-online.com\/kayak\/wp-json\/wp\/v2\/types\/page"}],"author":[{"embeddable":true,"href":"http:\/\/www.lomic-online.com\/kayak\/wp-json\/wp\/v2\/users\/1"}],"replies":[{"embeddable":true,"href":"http:\/\/www.lomic-online.com\/kayak\/wp-json\/wp\/v2\/comments?post=42"}],"version-history":[{"count":0,"href":"http:\/\/www.lomic-online.com\/kayak\/wp-json\/wp\/v2\/pages\/42\/revisions"}],"up":[{"embeddable":true,"href":"http:\/\/www.lomic-online.com\/kayak\/wp-json\/wp\/v2\/pages\/4"}],"wp:attachment":[{"href":"http:\/\/www.lomic-online.com\/kayak\/wp-json\/wp\/v2\/media?parent=42"}],"curies":[{"name":"wp","href":"https:\/\/api.w.org\/{rel}","templated":true}]}}