{"id":57,"date":"2014-03-23T09:09:33","date_gmt":"2014-03-23T08:09:33","guid":{"rendered":"http:\/\/www.lomic-online.com\/kayak\/?page_id=57"},"modified":"2014-06-02T18:33:28","modified_gmt":"2014-06-02T17:33:28","slug":"comment-se-deroule-le-chantier","status":"publish","type":"page","link":"http:\/\/www.lomic-online.com\/kayak\/projet\/comment-se-deroule-le-chantier\/","title":{"rendered":"Comment se d\u00e9roule le chantier?"},"content":{"rendered":"<p>Sur cette page, je dresserai le d\u00e9roulement du chantier et le contenu \u00e9voluera \u00e0 mesure que le chantier avance et des choix que je ferai lorsqu&rsquo;il y a plusieurs fa\u00e7ons de faire.<\/p>\n<p><span style=\"color: #339966;\">00 &#8211; Recherche d&rsquo;un plan (longtemps&#8230; jusqu&rsquo;\u00e0 tomber sur le kayak de Bertrand)<\/span><\/p>\n<p><span style=\"color: #339966;\">01 &#8211; Achat profil\u00e9 aluminium (0h30) &#8211; 57\u20ac + 3\u20ac gasoil.<\/span><\/p>\n<p><span style=\"color: #339966;\">02 &#8211; Fabrication chevalets r\u00e9versibles (2h30)<\/span><\/p>\n<p><span style=\"color: #339966;\">03 &#8211; Impression du plan sur papier et assemblage des feuilles A4 pour obtenir les gabarits de d\u00e9coupe des couples (2h)<\/span><\/p>\n<p><span style=\"color: #339966;\">04 &#8211; Achat 100 chants plats + quelques outils chez BD &#8211; Coupage profil\u00e9 et am\u00e9lioration chevalets &#8211; 1h + 75\u20ac (dont 7 pour le gasoil).<\/span><\/p>\n<p><span style=\"color: #339966;\">05 &#8211; Collage des gabarits sur des plaques de contre-plaqu\u00e9 ou d&rsquo;OSB (2h)<\/span><\/p>\n<p><span style=\"color: #339966;\">06 &#8211; D\u00e9coupe des couples \u00e0 la scie sauteuse (2h)<\/span><\/p>\n<p><span style=\"color: #339966;\">07 &#8211; Finition des couples \u00e0 la ponceuse (1h)<\/span><\/p>\n<p><span style=\"font-size: 16px; color: #339966;\">08 &#8211; Fabrication des spacers (1h30)<\/span><\/p>\n<p><span style=\"color: #339966;\">09 &#8211; D\u00e9coupe\/pon\u00e7age proue et poupe (0h30)<\/span><\/p>\n<p><span style=\"color: #339966;\">10 &#8211; Per\u00e7age du trou pour passer le profil\u00e9 dans les couples (1h30)<\/span><\/p>\n<p><span style=\"color: #339966;\">11 &#8211; Finitions du trou dans chaque couple (1h)<\/span><\/p>\n<p><span style=\"font-size: 16px; color: #339966;\">12 &#8211; Assemblage du mannequin : couples cal\u00e9s sur le profil\u00e9 (2h)<\/span><\/p>\n<p><span style=\"color: #339966;\">13 &#8211; Pr\u00e9paration pour le dressage des bords des lattes (2h)<\/span><\/p>\n<p><span style=\"color: #339966;\">14 &#8211; Dressage bords des strips (2h)<\/span><\/p>\n<p><span style=\"color: #339966;\">15 &#8211; Scarf des strips pour la s\u00e9paration pont\/coque (0h30)<\/span><\/p>\n<p><span style=\"color: #339966;\">15 &#8211; Pon\u00e7age des bords des strips et biseau proue et poupe\u00a0(0h30)\u00a0<\/span><\/p>\n<p><span style=\"color: #339966;\">16 &#8211; Installation proue et poupe (1h30)<\/span><\/p>\n<p><span style=\"color: #339966;\">17 &#8211; Installation 2 premi\u00e8res lattes (2h)<\/span><\/p>\n<p><span style=\"color: #339966;\">18 &#8211; Lattage de la coque (en cours) (6h30)<\/span><\/p>\n<p><span style=\"color: #800000;\">19 &#8211; Pon\u00e7age de la coque<\/span><\/p>\n<p><span style=\"color: #800000;\">17 &#8211; Premi\u00e8re couche de r\u00e9sine dilu\u00e9e sur la coque<\/span><\/p>\n<p><span style=\"color: #800000;\">18 &#8211; Pose de la fibre de verre et impr\u00e9gnation sur la coque<\/span><\/p>\n<p><span style=\"color: #800000;\">19 &#8211; Retournement du mannequin<\/span><\/p>\n<p><span style=\"color: #800000;\">20 &#8211; Lattage du pont<\/span><\/p>\n<p><span style=\"color: #800000;\">21 &#8211; Pon\u00e7age du pont<\/span><\/p>\n<p><span style=\"font-size: 16px; color: #800000;\">22 &#8211; Premi\u00e8re couche de r\u00e9sine dilu\u00e9e sur le pont<\/span><\/p>\n<p><span style=\"color: #800000;\">23 &#8211; Pose de la fibre de verre et impr\u00e9gnation sur le pont<\/span><\/p>\n<p><span style=\"color: #800000;\">24 &#8211; S\u00e9paration coque et pont<\/span><\/p>\n<p><span style=\"color: #800000;\">25 &#8211; Rabotage\/Pon\u00e7age de l&rsquo;int\u00e9rieur de la coque<\/span><\/p>\n<p><span style=\"color: #800000;\">26 &#8211; Premi\u00e8re couche de r\u00e9sine dilu\u00e9e sur l&rsquo;int\u00e9rieur de\u00a0la coque<\/span><\/p>\n<p><span style=\"color: #800000;\">27 &#8211; Pose de la fibre de verre et impr\u00e9gnation sur l&rsquo;int\u00e9rieur de\u00a0la coque<\/span><\/p>\n<p><span style=\"color: #800000;\">28 &#8211; Rabotage\/Pon\u00e7age de l&rsquo;int\u00e9rieur du pont<\/span><\/p>\n<p><span style=\"color: #800000;\">29 &#8211; Premi\u00e8re couche de r\u00e9sine dilu\u00e9e sur\u00a0l&rsquo;int\u00e9rieur du pont<\/span><\/p>\n<p><span style=\"color: #800000;\">30 &#8211; Pose de la fibre de verre et impr\u00e9gnation sur\u00a0l&rsquo;int\u00e9rieur du pont<\/span><\/p>\n<p><span style=\"color: #800000;\">31 &#8211; Assemblage coque et pont<\/span><\/p>\n<p><span style=\"color: #800000;\">32 &#8211; D\u00e9coupe du trou de l&rsquo;hiloire<\/span><\/p>\n<p><span style=\"color: #800000;\">A suivre [&#8230;]<\/span><\/p>\n<p>Page suivante : <a title=\"Atelier bois et garage\" href=\"http:\/\/www.lomic-online.com\/kayak\/projet\/atelier-bois-et-garage\/\">Atelier bois et garage<\/a><\/p>\n<p>&nbsp;<\/p>\n<p>&nbsp;<\/p>\n","protected":false},"excerpt":{"rendered":"<p>Sur cette page, je dresserai le d\u00e9roulement du chantier et le contenu \u00e9voluera \u00e0 mesure que le chantier avance et des choix que je ferai lorsqu&rsquo;il y a plusieurs fa\u00e7ons de faire. 00 &#8211; Recherche d&rsquo;un plan (longtemps&#8230; jusqu&rsquo;\u00e0 tomber&hellip; <\/p>\n","protected":false},"author":1,"featured_media":0,"parent":4,"menu_order":7,"comment_status":"open","ping_status":"open","template":"","meta":[],"_links":{"self":[{"href":"http:\/\/www.lomic-online.com\/kayak\/wp-json\/wp\/v2\/pages\/57"}],"collection":[{"href":"http:\/\/www.lomic-online.com\/kayak\/wp-json\/wp\/v2\/pages"}],"about":[{"href":"http:\/\/www.lomic-online.com\/kayak\/wp-json\/wp\/v2\/types\/page"}],"author":[{"embeddable":true,"href":"http:\/\/www.lomic-online.com\/kayak\/wp-json\/wp\/v2\/users\/1"}],"replies":[{"embeddable":true,"href":"http:\/\/www.lomic-online.com\/kayak\/wp-json\/wp\/v2\/comments?post=57"}],"version-history":[{"count":0,"href":"http:\/\/www.lomic-online.com\/kayak\/wp-json\/wp\/v2\/pages\/57\/revisions"}],"up":[{"embeddable":true,"href":"http:\/\/www.lomic-online.com\/kayak\/wp-json\/wp\/v2\/pages\/4"}],"wp:attachment":[{"href":"http:\/\/www.lomic-online.com\/kayak\/wp-json\/wp\/v2\/media?parent=57"}],"curies":[{"name":"wp","href":"https:\/\/api.w.org\/{rel}","templated":true}]}}