{"id":67,"date":"2014-03-23T12:44:32","date_gmt":"2014-03-23T11:44:32","guid":{"rendered":"http:\/\/www.lomic-online.com\/kayak\/?page_id=67"},"modified":"2014-03-23T12:59:06","modified_gmt":"2014-03-23T11:59:06","slug":"atelier-bois-et-garage","status":"publish","type":"page","link":"http:\/\/www.lomic-online.com\/kayak\/projet\/atelier-bois-et-garage\/","title":{"rendered":"Atelier bois et garage"},"content":{"rendered":"<p>J&rsquo;ai la chance de disposer d&rsquo;un vaste grenier isol\u00e9 avec velux, parfait pour faire toutes mes d\u00e9coupes de bois. Par contre \u00e0 moins de trouer le pignon, je ne pourrai sortir le kayak si je l&rsquo;assemble l\u00e0-haut. Et quand j&rsquo;en serai \u00e0 l&rsquo;\u00e9tape stratification, je serai content que \u00e7a ne sente pas la r\u00e9sine dans toute la maison.<\/p>\n<p style=\"text-align: center;\"><a href=\"http:\/\/www.lomic-online.com\/kayak\/wp-content\/uploads\/grenier.jpg\" data-rel=\"lightbox-image-0\" data-rl_title=\"\" data-rl_caption=\"\" title=\"\"><img loading=\"lazy\" class=\"aligncenter size-medium wp-image-69\" alt=\"atelier bois\" src=\"http:\/\/www.lomic-online.com\/kayak\/wp-content\/uploads\/grenier-300x200.jpg\" width=\"300\" height=\"200\" srcset=\"http:\/\/www.lomic-online.com\/kayak\/wp-content\/uploads\/grenier-300x200.jpg 300w, http:\/\/www.lomic-online.com\/kayak\/wp-content\/uploads\/grenier-1024x682.jpg 1024w, http:\/\/www.lomic-online.com\/kayak\/wp-content\/uploads\/grenier.jpg 1200w\" sizes=\"(max-width: 300px) 100vw, 300px\" \/><\/a><\/p>\n<p>Du coup c&rsquo;est le garage qui servira pour l&rsquo;assemblage du kayak, et je compte aussi pouvoir sortir le kayak \u00e0 l&rsquo;ext\u00e9rieur pour les phases de pon\u00e7age, car le garage n&rsquo;est pas vide et je n&rsquo;ai pas envie de mettre de la poussi\u00e8re de bois partout.<\/p>\n<p>Pour l&rsquo;heure je dois finir le rangement du garage, op\u00e9ration commenc\u00e9e depuis longtemps et son organisation a pris quelques \u00e9tapes mais je touche au but : avoir l&rsquo;espace pour construire le kayak.<\/p>\n<p><a href=\"http:\/\/www.lomic-online.com\/kayak\/wp-content\/uploads\/garage.jpg\" data-rel=\"lightbox-image-1\" data-rl_title=\"\" data-rl_caption=\"\" title=\"\"><img loading=\"lazy\" class=\"aligncenter size-medium wp-image-70\" alt=\"garage\" src=\"http:\/\/www.lomic-online.com\/kayak\/wp-content\/uploads\/garage-300x200.jpg\" width=\"300\" height=\"200\" srcset=\"http:\/\/www.lomic-online.com\/kayak\/wp-content\/uploads\/garage-300x200.jpg 300w, http:\/\/www.lomic-online.com\/kayak\/wp-content\/uploads\/garage-1024x682.jpg 1024w, http:\/\/www.lomic-online.com\/kayak\/wp-content\/uploads\/garage.jpg 1200w\" sizes=\"(max-width: 300px) 100vw, 300px\" \/><\/a>Il reste encore pas mal de bricoles \u00e0 virer\/ranger mais l&rsquo;espace principal est d\u00e9j\u00e0 pr\u00eat.<\/p>\n<p>&nbsp;<\/p>\n","protected":false},"excerpt":{"rendered":"<p>J&rsquo;ai la chance de disposer d&rsquo;un vaste grenier isol\u00e9 avec velux, parfait pour faire toutes mes d\u00e9coupes de bois. Par contre \u00e0 moins de trouer le pignon, je ne pourrai sortir le kayak si je l&rsquo;assemble l\u00e0-haut. Et quand j&rsquo;en&hellip; <\/p>\n","protected":false},"author":1,"featured_media":0,"parent":4,"menu_order":8,"comment_status":"open","ping_status":"open","template":"","meta":[],"_links":{"self":[{"href":"http:\/\/www.lomic-online.com\/kayak\/wp-json\/wp\/v2\/pages\/67"}],"collection":[{"href":"http:\/\/www.lomic-online.com\/kayak\/wp-json\/wp\/v2\/pages"}],"about":[{"href":"http:\/\/www.lomic-online.com\/kayak\/wp-json\/wp\/v2\/types\/page"}],"author":[{"embeddable":true,"href":"http:\/\/www.lomic-online.com\/kayak\/wp-json\/wp\/v2\/users\/1"}],"replies":[{"embeddable":true,"href":"http:\/\/www.lomic-online.com\/kayak\/wp-json\/wp\/v2\/comments?post=67"}],"version-history":[{"count":0,"href":"http:\/\/www.lomic-online.com\/kayak\/wp-json\/wp\/v2\/pages\/67\/revisions"}],"up":[{"embeddable":true,"href":"http:\/\/www.lomic-online.com\/kayak\/wp-json\/wp\/v2\/pages\/4"}],"wp:attachment":[{"href":"http:\/\/www.lomic-online.com\/kayak\/wp-json\/wp\/v2\/media?parent=67"}],"curies":[{"name":"wp","href":"https:\/\/api.w.org\/{rel}","templated":true}]}}